{"id":27,"date":"2020-12-29T10:07:10","date_gmt":"2020-12-29T09:07:10","guid":{"rendered":"https:\/\/visitevirtuelle.sarthe.fr\/tresorsdartsacre\/?page_id=27"},"modified":"2021-02-17T14:58:33","modified_gmt":"2021-02-17T13:58:33","slug":"provenance-des-oeuvres-remerciements","status":"publish","type":"page","link":"https:\/\/visitevirtuelle.sarthe.fr\/tresorsdartsacre\/provenance-des-oeuvres-remerciements\/","title":{"rendered":"Provenance des \u0153uvres"},"content":{"rendered":"","protected":false},"excerpt":{"rendered":"","protected":false},"author":1,"featured_media":0,"parent":0,"menu_order":0,"comment_status":"closed","ping_status":"closed","template":"map.php","meta":[],"yoast_head":"<!-- This site is optimized with the Yoast SEO plugin v18.3 - https:\/\/yoast.com\/wordpress\/plugins\/seo\/ -->\n<title>Provenance des \u0153uvres | Abbaye Royale de l&#039;\u00c9pau<\/title>\n<meta name=\"robots\" content=\"noindex, follow, max-snippet:-1, max-image-preview:large, max-video-preview:-1\" \/>\n<meta property=\"og:locale\" content=\"fr_FR\" \/>\n<meta property=\"og:type\" content=\"article\" \/>\n<meta property=\"og:title\" content=\"Provenance des \u0153uvres | Abbaye Royale de l&#039;\u00c9pau\" \/>\n<meta property=\"og:url\" content=\"https:\/\/visitevirtuelle.sarthe.fr\/tresorsdartsacre\/provenance-des-oeuvres-remerciements\/\" \/>\n<meta property=\"og:site_name\" content=\"Abbaye Royale de l&#039;\u00c9pau\" \/>\n<meta property=\"article:modified_time\" content=\"2021-02-17T13:58:33+00:00\" \/>\n<meta name=\"twitter:card\" content=\"summary_large_image\" \/>\n<script type=\"application\/ld+json\" class=\"yoast-schema-graph\">{\"@context\":\"https:\/\/schema.org\",\"@graph\":[{\"@type\":\"WebSite\",\"@id\":\"https:\/\/visitevirtuelle.sarthe.fr\/tresorsdartsacre\/#website\",\"url\":\"https:\/\/visitevirtuelle.sarthe.fr\/tresorsdartsacre\/\",\"name\":\"Abbaye Royale de l&#039;\u00c9pau\",\"description\":\"Visite virtuelle des Tr\u00e9sors Sacr\u00e9s\",\"potentialAction\":[{\"@type\":\"SearchAction\",\"target\":{\"@type\":\"EntryPoint\",\"urlTemplate\":\"https:\/\/visitevirtuelle.sarthe.fr\/tresorsdartsacre\/?s={search_term_string}\"},\"query-input\":\"required name=search_term_string\"}],\"inLanguage\":\"fr-FR\"},{\"@type\":\"WebPage\",\"@id\":\"https:\/\/visitevirtuelle.sarthe.fr\/tresorsdartsacre\/provenance-des-oeuvres-remerciements\/#webpage\",\"url\":\"https:\/\/visitevirtuelle.sarthe.fr\/tresorsdartsacre\/provenance-des-oeuvres-remerciements\/\",\"name\":\"Provenance des \u0153uvres | Abbaye Royale de l&#039;\u00c9pau\",\"isPartOf\":{\"@id\":\"https:\/\/visitevirtuelle.sarthe.fr\/tresorsdartsacre\/#website\"},\"datePublished\":\"2020-12-29T09:07:10+00:00\",\"dateModified\":\"2021-02-17T13:58:33+00:00\",\"breadcrumb\":{\"@id\":\"https:\/\/visitevirtuelle.sarthe.fr\/tresorsdartsacre\/provenance-des-oeuvres-remerciements\/#breadcrumb\"},\"inLanguage\":\"fr-FR\",\"potentialAction\":[{\"@type\":\"ReadAction\",\"target\":[\"https:\/\/visitevirtuelle.sarthe.fr\/tresorsdartsacre\/provenance-des-oeuvres-remerciements\/\"]}]},{\"@type\":\"BreadcrumbList\",\"@id\":\"https:\/\/visitevirtuelle.sarthe.fr\/tresorsdartsacre\/provenance-des-oeuvres-remerciements\/#breadcrumb\",\"itemListElement\":[{\"@type\":\"ListItem\",\"position\":1,\"name\":\"Provenance des \u0153uvres\"}]}]}<\/script>\n<!-- \/ Yoast SEO plugin. -->","yoast_head_json":{"title":"Provenance des \u0153uvres | Abbaye Royale de l&#039;\u00c9pau","robots":{"index":"noindex","follow":"follow","max-snippet":"max-snippet:-1","max-image-preview":"max-image-preview:large","max-video-preview":"max-video-preview:-1"},"og_locale":"fr_FR","og_type":"article","og_title":"Provenance des \u0153uvres | Abbaye Royale de l&#039;\u00c9pau","og_url":"https:\/\/visitevirtuelle.sarthe.fr\/tresorsdartsacre\/provenance-des-oeuvres-remerciements\/","og_site_name":"Abbaye Royale de l&#039;\u00c9pau","article_modified_time":"2021-02-17T13:58:33+00:00","twitter_card":"summary_large_image","schema":{"@context":"https:\/\/schema.org","@graph":[{"@type":"WebSite","@id":"https:\/\/visitevirtuelle.sarthe.fr\/tresorsdartsacre\/#website","url":"https:\/\/visitevirtuelle.sarthe.fr\/tresorsdartsacre\/","name":"Abbaye Royale de l&#039;\u00c9pau","description":"Visite virtuelle des Tr\u00e9sors Sacr\u00e9s","potentialAction":[{"@type":"SearchAction","target":{"@type":"EntryPoint","urlTemplate":"https:\/\/visitevirtuelle.sarthe.fr\/tresorsdartsacre\/?s={search_term_string}"},"query-input":"required name=search_term_string"}],"inLanguage":"fr-FR"},{"@type":"WebPage","@id":"https:\/\/visitevirtuelle.sarthe.fr\/tresorsdartsacre\/provenance-des-oeuvres-remerciements\/#webpage","url":"https:\/\/visitevirtuelle.sarthe.fr\/tresorsdartsacre\/provenance-des-oeuvres-remerciements\/","name":"Provenance des \u0153uvres | Abbaye Royale de l&#039;\u00c9pau","isPartOf":{"@id":"https:\/\/visitevirtuelle.sarthe.fr\/tresorsdartsacre\/#website"},"datePublished":"2020-12-29T09:07:10+00:00","dateModified":"2021-02-17T13:58:33+00:00","breadcrumb":{"@id":"https:\/\/visitevirtuelle.sarthe.fr\/tresorsdartsacre\/provenance-des-oeuvres-remerciements\/#breadcrumb"},"inLanguage":"fr-FR","potentialAction":[{"@type":"ReadAction","target":["https:\/\/visitevirtuelle.sarthe.fr\/tresorsdartsacre\/provenance-des-oeuvres-remerciements\/"]}]},{"@type":"BreadcrumbList","@id":"https:\/\/visitevirtuelle.sarthe.fr\/tresorsdartsacre\/provenance-des-oeuvres-remerciements\/#breadcrumb","itemListElement":[{"@type":"ListItem","position":1,"name":"Provenance des \u0153uvres"}]}]}},"acf":[],"_links":{"self":[{"href":"https:\/\/visitevirtuelle.sarthe.fr\/tresorsdartsacre\/wp-json\/wp\/v2\/pages\/27"}],"collection":[{"href":"https:\/\/visitevirtuelle.sarthe.fr\/tresorsdartsacre\/wp-json\/wp\/v2\/pages"}],"about":[{"href":"https:\/\/visitevirtuelle.sarthe.fr\/tresorsdartsacre\/wp-json\/wp\/v2\/types\/page"}],"author":[{"embeddable":true,"href":"https:\/\/visitevirtuelle.sarthe.fr\/tresorsdartsacre\/wp-json\/wp\/v2\/users\/1"}],"replies":[{"embeddable":true,"href":"https:\/\/visitevirtuelle.sarthe.fr\/tresorsdartsacre\/wp-json\/wp\/v2\/comments?post=27"}],"version-history":[{"count":11,"href":"https:\/\/visitevirtuelle.sarthe.fr\/tresorsdartsacre\/wp-json\/wp\/v2\/pages\/27\/revisions"}],"predecessor-version":[{"id":434,"href":"https:\/\/visitevirtuelle.sarthe.fr\/tresorsdartsacre\/wp-json\/wp\/v2\/pages\/27\/revisions\/434"}],"wp:attachment":[{"href":"https:\/\/visitevirtuelle.sarthe.fr\/tresorsdartsacre\/wp-json\/wp\/v2\/media?parent=27"}],"curies":[{"name":"wp","href":"https:\/\/api.w.org\/{rel}","templated":true}]}}