{"id":83,"date":"2020-12-31T10:24:47","date_gmt":"2020-12-31T09:24:47","guid":{"rendered":"https:\/\/visitevirtuelle.sarthe.fr\/tresorsdartsacre\/?page_id=83"},"modified":"2021-01-12T09:41:05","modified_gmt":"2021-01-12T08:41:05","slug":"labbatiale","status":"publish","type":"page","link":"https:\/\/visitevirtuelle.sarthe.fr\/tresorsdartsacre\/labbatiale\/","title":{"rendered":"L&rsquo;Abbatiale"},"content":{"rendered":"","protected":false},"excerpt":{"rendered":"","protected":false},"author":1,"featured_media":425,"parent":0,"menu_order":0,"comment_status":"closed","ping_status":"closed","template":"visit.php","meta":[],"yoast_head":"<!-- This site is optimized with the Yoast SEO plugin v18.3 - https:\/\/yoast.com\/wordpress\/plugins\/seo\/ -->\n<title>L&#039;Abbatiale | Abbaye Royale de l&#039;\u00c9pau<\/title>\n<meta name=\"robots\" content=\"noindex, follow, max-snippet:-1, max-image-preview:large, max-video-preview:-1\" \/>\n<meta property=\"og:locale\" content=\"fr_FR\" \/>\n<meta property=\"og:type\" content=\"article\" \/>\n<meta property=\"og:title\" content=\"L&#039;Abbatiale | Abbaye Royale de l&#039;\u00c9pau\" \/>\n<meta property=\"og:url\" content=\"https:\/\/visitevirtuelle.sarthe.fr\/tresorsdartsacre\/labbatiale\/\" \/>\n<meta property=\"og:site_name\" content=\"Abbaye Royale de l&#039;\u00c9pau\" \/>\n<meta property=\"article:modified_time\" content=\"2021-01-12T08:41:05+00:00\" \/>\n<meta property=\"og:image\" content=\"https:\/\/visitevirtuelle.sarthe.fr\/tresorsdartsacre\/wp-content\/uploads\/2021\/01\/Expo_tresorsdartsacre_\u00a9-Sarthe-Culture-3-scaled.jpg\" \/>\n\t<meta property=\"og:image:width\" content=\"2560\" \/>\n\t<meta property=\"og:image:height\" content=\"1707\" \/>\n\t<meta property=\"og:image:type\" content=\"image\/jpeg\" \/>\n<meta name=\"twitter:card\" content=\"summary_large_image\" \/>\n<script type=\"application\/ld+json\" class=\"yoast-schema-graph\">{\"@context\":\"https:\/\/schema.org\",\"@graph\":[{\"@type\":\"WebSite\",\"@id\":\"https:\/\/visitevirtuelle.sarthe.fr\/tresorsdartsacre\/#website\",\"url\":\"https:\/\/visitevirtuelle.sarthe.fr\/tresorsdartsacre\/\",\"name\":\"Abbaye Royale de l&#039;\u00c9pau\",\"description\":\"Visite virtuelle des Tr\u00e9sors Sacr\u00e9s\",\"potentialAction\":[{\"@type\":\"SearchAction\",\"target\":{\"@type\":\"EntryPoint\",\"urlTemplate\":\"https:\/\/visitevirtuelle.sarthe.fr\/tresorsdartsacre\/?s={search_term_string}\"},\"query-input\":\"required name=search_term_string\"}],\"inLanguage\":\"fr-FR\"},{\"@type\":\"ImageObject\",\"@id\":\"https:\/\/visitevirtuelle.sarthe.fr\/tresorsdartsacre\/labbatiale\/#primaryimage\",\"inLanguage\":\"fr-FR\",\"url\":\"https:\/\/visitevirtuelle.sarthe.fr\/tresorsdartsacre\/wp-content\/uploads\/2021\/01\/Expo_tresorsdartsacre_\u00a9-Sarthe-Culture-3-scaled.jpg\",\"contentUrl\":\"https:\/\/visitevirtuelle.sarthe.fr\/tresorsdartsacre\/wp-content\/uploads\/2021\/01\/Expo_tresorsdartsacre_\u00a9-Sarthe-Culture-3-scaled.jpg\",\"width\":2560,\"height\":1707},{\"@type\":\"WebPage\",\"@id\":\"https:\/\/visitevirtuelle.sarthe.fr\/tresorsdartsacre\/labbatiale\/#webpage\",\"url\":\"https:\/\/visitevirtuelle.sarthe.fr\/tresorsdartsacre\/labbatiale\/\",\"name\":\"L'Abbatiale | Abbaye Royale de l&#039;\u00c9pau\",\"isPartOf\":{\"@id\":\"https:\/\/visitevirtuelle.sarthe.fr\/tresorsdartsacre\/#website\"},\"primaryImageOfPage\":{\"@id\":\"https:\/\/visitevirtuelle.sarthe.fr\/tresorsdartsacre\/labbatiale\/#primaryimage\"},\"datePublished\":\"2020-12-31T09:24:47+00:00\",\"dateModified\":\"2021-01-12T08:41:05+00:00\",\"breadcrumb\":{\"@id\":\"https:\/\/visitevirtuelle.sarthe.fr\/tresorsdartsacre\/labbatiale\/#breadcrumb\"},\"inLanguage\":\"fr-FR\",\"potentialAction\":[{\"@type\":\"ReadAction\",\"target\":[\"https:\/\/visitevirtuelle.sarthe.fr\/tresorsdartsacre\/labbatiale\/\"]}]},{\"@type\":\"BreadcrumbList\",\"@id\":\"https:\/\/visitevirtuelle.sarthe.fr\/tresorsdartsacre\/labbatiale\/#breadcrumb\",\"itemListElement\":[{\"@type\":\"ListItem\",\"position\":1,\"name\":\"L&rsquo;Abbatiale\"}]}]}<\/script>\n<!-- \/ Yoast SEO plugin. -->","yoast_head_json":{"title":"L'Abbatiale | Abbaye Royale de l&#039;\u00c9pau","robots":{"index":"noindex","follow":"follow","max-snippet":"max-snippet:-1","max-image-preview":"max-image-preview:large","max-video-preview":"max-video-preview:-1"},"og_locale":"fr_FR","og_type":"article","og_title":"L'Abbatiale | Abbaye Royale de l&#039;\u00c9pau","og_url":"https:\/\/visitevirtuelle.sarthe.fr\/tresorsdartsacre\/labbatiale\/","og_site_name":"Abbaye Royale de l&#039;\u00c9pau","article_modified_time":"2021-01-12T08:41:05+00:00","og_image":[{"width":2560,"height":1707,"url":"https:\/\/visitevirtuelle.sarthe.fr\/tresorsdartsacre\/wp-content\/uploads\/2021\/01\/Expo_tresorsdartsacre_\u00a9-Sarthe-Culture-3-scaled.jpg","type":"image\/jpeg"}],"twitter_card":"summary_large_image","schema":{"@context":"https:\/\/schema.org","@graph":[{"@type":"WebSite","@id":"https:\/\/visitevirtuelle.sarthe.fr\/tresorsdartsacre\/#website","url":"https:\/\/visitevirtuelle.sarthe.fr\/tresorsdartsacre\/","name":"Abbaye Royale de l&#039;\u00c9pau","description":"Visite virtuelle des Tr\u00e9sors Sacr\u00e9s","potentialAction":[{"@type":"SearchAction","target":{"@type":"EntryPoint","urlTemplate":"https:\/\/visitevirtuelle.sarthe.fr\/tresorsdartsacre\/?s={search_term_string}"},"query-input":"required name=search_term_string"}],"inLanguage":"fr-FR"},{"@type":"ImageObject","@id":"https:\/\/visitevirtuelle.sarthe.fr\/tresorsdartsacre\/labbatiale\/#primaryimage","inLanguage":"fr-FR","url":"https:\/\/visitevirtuelle.sarthe.fr\/tresorsdartsacre\/wp-content\/uploads\/2021\/01\/Expo_tresorsdartsacre_\u00a9-Sarthe-Culture-3-scaled.jpg","contentUrl":"https:\/\/visitevirtuelle.sarthe.fr\/tresorsdartsacre\/wp-content\/uploads\/2021\/01\/Expo_tresorsdartsacre_\u00a9-Sarthe-Culture-3-scaled.jpg","width":2560,"height":1707},{"@type":"WebPage","@id":"https:\/\/visitevirtuelle.sarthe.fr\/tresorsdartsacre\/labbatiale\/#webpage","url":"https:\/\/visitevirtuelle.sarthe.fr\/tresorsdartsacre\/labbatiale\/","name":"L'Abbatiale | Abbaye Royale de l&#039;\u00c9pau","isPartOf":{"@id":"https:\/\/visitevirtuelle.sarthe.fr\/tresorsdartsacre\/#website"},"primaryImageOfPage":{"@id":"https:\/\/visitevirtuelle.sarthe.fr\/tresorsdartsacre\/labbatiale\/#primaryimage"},"datePublished":"2020-12-31T09:24:47+00:00","dateModified":"2021-01-12T08:41:05+00:00","breadcrumb":{"@id":"https:\/\/visitevirtuelle.sarthe.fr\/tresorsdartsacre\/labbatiale\/#breadcrumb"},"inLanguage":"fr-FR","potentialAction":[{"@type":"ReadAction","target":["https:\/\/visitevirtuelle.sarthe.fr\/tresorsdartsacre\/labbatiale\/"]}]},{"@type":"BreadcrumbList","@id":"https:\/\/visitevirtuelle.sarthe.fr\/tresorsdartsacre\/labbatiale\/#breadcrumb","itemListElement":[{"@type":"ListItem","position":1,"name":"L&rsquo;Abbatiale"}]}]}},"acf":[],"_links":{"self":[{"href":"https:\/\/visitevirtuelle.sarthe.fr\/tresorsdartsacre\/wp-json\/wp\/v2\/pages\/83"}],"collection":[{"href":"https:\/\/visitevirtuelle.sarthe.fr\/tresorsdartsacre\/wp-json\/wp\/v2\/pages"}],"about":[{"href":"https:\/\/visitevirtuelle.sarthe.fr\/tresorsdartsacre\/wp-json\/wp\/v2\/types\/page"}],"author":[{"embeddable":true,"href":"https:\/\/visitevirtuelle.sarthe.fr\/tresorsdartsacre\/wp-json\/wp\/v2\/users\/1"}],"replies":[{"embeddable":true,"href":"https:\/\/visitevirtuelle.sarthe.fr\/tresorsdartsacre\/wp-json\/wp\/v2\/comments?post=83"}],"version-history":[{"count":19,"href":"https:\/\/visitevirtuelle.sarthe.fr\/tresorsdartsacre\/wp-json\/wp\/v2\/pages\/83\/revisions"}],"predecessor-version":[{"id":424,"href":"https:\/\/visitevirtuelle.sarthe.fr\/tresorsdartsacre\/wp-json\/wp\/v2\/pages\/83\/revisions\/424"}],"wp:featuredmedia":[{"embeddable":true,"href":"https:\/\/visitevirtuelle.sarthe.fr\/tresorsdartsacre\/wp-json\/wp\/v2\/media\/425"}],"wp:attachment":[{"href":"https:\/\/visitevirtuelle.sarthe.fr\/tresorsdartsacre\/wp-json\/wp\/v2\/media?parent=83"}],"curies":[{"name":"wp","href":"https:\/\/api.w.org\/{rel}","templated":true}]}}